{"id":18,"date":"2025-07-03T19:21:43","date_gmt":"2025-07-03T19:21:43","guid":{"rendered":"https:\/\/matraconcretos.com\/blog\/?page_id=18"},"modified":"2025-08-22T18:22:37","modified_gmt":"2025-08-22T18:22:37","slug":"home","status":"publish","type":"page","link":"https:\/\/matraconcretos.com\/blog\/","title":{"rendered":"home"},"content":{"rendered":"\t\t<div data-elementor-type=\"wp-page\" data-elementor-id=\"18\" class=\"elementor elementor-18\">\n\t\t\t\t<div class=\"elementor-element elementor-element-8770ffe e-flex e-con-boxed e-con e-parent\" data-id=\"8770ffe\" data-element_type=\"container\" data-settings=\"{&quot;background_background&quot;:&quot;classic&quot;}\">\n\t\t\t\t\t<div class=\"e-con-inner\">\n\t\t\t\t<div class=\"elementor-element elementor-element-4788d04 elementor-widget elementor-widget-heading\" data-id=\"4788d04\" data-element_type=\"widget\" data-widget_type=\"heading.default\">\n\t\t\t\t\t<h1 class=\"elementor-heading-title elementor-size-default\">BLOG<\/h1>\t\t\t\t<\/div>\n\t\t\t\t\t<\/div>\n\t\t\t\t<\/div>\n\t\t<div class=\"elementor-element elementor-element-48878c0 e-flex e-con-boxed e-con e-parent\" data-id=\"48878c0\" data-element_type=\"container\">\n\t\t\t\t\t<div class=\"e-con-inner\">\n\t\t\t\t<div class=\"elementor-element elementor-element-1e4f3ce elementor-grid-eael-col-3 elementor-grid-tablet-eael-col-2 elementor-grid-mobile-eael-col-1 elementor-widget elementor-widget-eael-post-grid\" data-id=\"1e4f3ce\" data-element_type=\"widget\" data-settings=\"{&quot;eael_post_grid_columns&quot;:&quot;eael-col-3&quot;,&quot;eael_post_grid_columns_tablet&quot;:&quot;eael-col-2&quot;,&quot;eael_post_grid_columns_mobile&quot;:&quot;eael-col-1&quot;}\" data-widget_type=\"eael-post-grid.default\">\n\t\t\t\t\t<div id=\"eael-post-grid-1e4f3ce\" class=\"eael-post-grid-container\">\n            <div class=\"eael-post-grid eael-post-appender eael-post-appender-1e4f3ce eael-post-grid-style-one\" data-layout-mode=\"masonry\"><article class=\"eael-grid-post eael-post-grid-column\" data-id=\"88\">\n        <div class=\"eael-grid-post-holder\">\n            <div class=\"eael-grid-post-holder-inner\"><div class=\"eael-entry-media\"><div class=\"eael-entry-overlay fade-in\"><i class=\"fas fa-long-arrow-alt-right\" aria-hidden=\"true\"><\/i><a href=\"https:\/\/matraconcretos.com\/blog\/resistencia-estandar-vs-resistencia-temprana-diferencias-reales-en-obra\/\"><\/a><\/div><div class=\"eael-entry-thumbnail \">\n                <img fetchpriority=\"high\" decoding=\"async\" width=\"300\" height=\"199\" src=\"https:\/\/matraconcretos.com\/blog\/wp-content\/uploads\/2026\/01\/control-produccion-concreto-premezclado-matra-aguascalientes-300x199.jpg\" class=\"attachment-medium size-medium wp-image-89\" alt=\"\" srcset=\"https:\/\/matraconcretos.com\/blog\/wp-content\/uploads\/2026\/01\/control-produccion-concreto-premezclado-matra-aguascalientes-300x199.jpg 300w, https:\/\/matraconcretos.com\/blog\/wp-content\/uploads\/2026\/01\/control-produccion-concreto-premezclado-matra-aguascalientes-1024x680.jpg 1024w, https:\/\/matraconcretos.com\/blog\/wp-content\/uploads\/2026\/01\/control-produccion-concreto-premezclado-matra-aguascalientes-768x510.jpg 768w, https:\/\/matraconcretos.com\/blog\/wp-content\/uploads\/2026\/01\/control-produccion-concreto-premezclado-matra-aguascalientes-1536x1020.jpg 1536w, https:\/\/matraconcretos.com\/blog\/wp-content\/uploads\/2026\/01\/control-produccion-concreto-premezclado-matra-aguascalientes.jpg 2048w\" sizes=\"(max-width: 300px) 100vw, 300px\" \/>\n            <\/div>\n        <\/div><div class=\"eael-entry-wrapper\"><header class=\"eael-entry-header\"><h2 class=\"eael-entry-title\"><a class=\"eael-grid-post-link\" href=\"https:\/\/matraconcretos.com\/blog\/resistencia-estandar-vs-resistencia-temprana-diferencias-reales-en-obra\/\" title=\"Resistencia est\u00e1ndar vs resistencia temprana: diferencias reales en obra\">Resistencia est\u00e1ndar vs resistencia temprana: diferencias reales en obra<\/a><\/h2><\/header><div class=\"eael-entry-content\">\n                        <div class=\"eael-grid-post-excerpt\"><p>En construcci\u00f3n, avanzar m\u00e1s r\u00e1pido no siempre significa hacerlo de...<\/p><a href=\"https:\/\/matraconcretos.com\/blog\/resistencia-estandar-vs-resistencia-temprana-diferencias-reales-en-obra\/\" class=\"eael-post-elements-readmore-btn\">Leer m\u00e1s<\/a><\/div>\n                    <\/div><\/div><\/div>\n        <\/div>\n    <\/article><article class=\"eael-grid-post eael-post-grid-column\" data-id=\"80\">\n        <div class=\"eael-grid-post-holder\">\n            <div class=\"eael-grid-post-holder-inner\"><div class=\"eael-entry-media\"><div class=\"eael-entry-overlay fade-in\"><i class=\"fas fa-long-arrow-alt-right\" aria-hidden=\"true\"><\/i><a href=\"https:\/\/matraconcretos.com\/blog\/desafios-del-suministro-de-concreto-en-naves-industriales\/\"><\/a><\/div><div class=\"eael-entry-thumbnail \">\n                <img decoding=\"async\" width=\"300\" height=\"149\" src=\"https:\/\/matraconcretos.com\/blog\/wp-content\/uploads\/2025\/12\/DJI_0733-300x149.jpg\" class=\"attachment-medium size-medium wp-image-83\" alt=\"Fotograf\u00eda a\u00e9rea de naves industriales la aurora\" srcset=\"https:\/\/matraconcretos.com\/blog\/wp-content\/uploads\/2025\/12\/DJI_0733-300x149.jpg 300w, https:\/\/matraconcretos.com\/blog\/wp-content\/uploads\/2025\/12\/DJI_0733-1024x509.jpg 1024w, https:\/\/matraconcretos.com\/blog\/wp-content\/uploads\/2025\/12\/DJI_0733-768x382.jpg 768w, https:\/\/matraconcretos.com\/blog\/wp-content\/uploads\/2025\/12\/DJI_0733-1536x764.jpg 1536w, https:\/\/matraconcretos.com\/blog\/wp-content\/uploads\/2025\/12\/DJI_0733-2048x1018.jpg 2048w\" sizes=\"(max-width: 300px) 100vw, 300px\" \/>\n            <\/div>\n        <\/div><div class=\"eael-entry-wrapper\"><header class=\"eael-entry-header\"><h2 class=\"eael-entry-title\"><a class=\"eael-grid-post-link\" href=\"https:\/\/matraconcretos.com\/blog\/desafios-del-suministro-de-concreto-en-naves-industriales\/\" title=\"Desaf\u00edos del suministro de concreto en naves industriales\">Desaf\u00edos del suministro de concreto en naves industriales<\/a><\/h2><\/header><div class=\"eael-entry-content\">\n                        <div class=\"eael-grid-post-excerpt\"><p>En una nave industrial, el concreto es el elemento que...<\/p><a href=\"https:\/\/matraconcretos.com\/blog\/desafios-del-suministro-de-concreto-en-naves-industriales\/\" class=\"eael-post-elements-readmore-btn\">Leer m\u00e1s<\/a><\/div>\n                    <\/div><\/div><\/div>\n        <\/div>\n    <\/article><article class=\"eael-grid-post eael-post-grid-column\" data-id=\"1\">\n        <div class=\"eael-grid-post-holder\">\n            <div class=\"eael-grid-post-holder-inner\"><div class=\"eael-entry-media\"><div class=\"eael-entry-overlay fade-in\"><i class=\"fas fa-long-arrow-alt-right\" aria-hidden=\"true\"><\/i><a href=\"https:\/\/matraconcretos.com\/blog\/errores-comunes-al-estimar-concreto-y-como-prevenirlos\/\"><\/a><\/div><div class=\"eael-entry-thumbnail \">\n                <img decoding=\"async\" width=\"300\" height=\"187\" src=\"https:\/\/matraconcretos.com\/blog\/wp-content\/uploads\/2025\/07\/big-300x187.jpg\" class=\"attachment-medium size-medium wp-image-37\" alt=\"\" srcset=\"https:\/\/matraconcretos.com\/blog\/wp-content\/uploads\/2025\/07\/big-300x187.jpg 300w, https:\/\/matraconcretos.com\/blog\/wp-content\/uploads\/2025\/07\/big-1024x637.jpg 1024w, https:\/\/matraconcretos.com\/blog\/wp-content\/uploads\/2025\/07\/big-768x478.jpg 768w, https:\/\/matraconcretos.com\/blog\/wp-content\/uploads\/2025\/07\/big.jpg 1448w\" sizes=\"(max-width: 300px) 100vw, 300px\" \/>\n            <\/div>\n        <\/div><div class=\"eael-entry-wrapper\"><header class=\"eael-entry-header\"><h2 class=\"eael-entry-title\"><a class=\"eael-grid-post-link\" href=\"https:\/\/matraconcretos.com\/blog\/errores-comunes-al-estimar-concreto-y-como-prevenirlos\/\" title=\"Errores comunes al estimar concreto\">Errores comunes al estimar concreto<\/a><\/h2><\/header><div class=\"eael-entry-content\">\n                        <div class=\"eael-grid-post-excerpt\"><p>Una gu\u00eda para reducir sobrecostos, evitar interrupciones y optimizar tu...<\/p><a href=\"https:\/\/matraconcretos.com\/blog\/errores-comunes-al-estimar-concreto-y-como-prevenirlos\/\" class=\"eael-post-elements-readmore-btn\">Leer m\u00e1s<\/a><\/div>\n                    <\/div><\/div><\/div>\n        <\/div>\n    <\/article><\/div>\n            <div class=\"clearfix\"><\/div>\n        <\/div>\t\t\t\t<\/div>\n\t\t\t\t\t<\/div>\n\t\t\t\t<\/div>\n\t\t\t\t<\/div>\n\t\t","protected":false},"excerpt":{"rendered":"<p>BLOG Errores comunes al estimar concreto Una gu\u00eda para reducir sobrecostos, evitar interrupciones y optimizar tu&#8230; Leer m\u00e1s<\/p>\n","protected":false},"author":1,"featured_media":0,"parent":0,"menu_order":0,"comment_status":"closed","ping_status":"closed","template":"","meta":{"footnotes":""},"class_list":["post-18","page","type-page","status-publish","hentry"],"_links":{"self":[{"href":"https:\/\/matraconcretos.com\/blog\/wp-json\/wp\/v2\/pages\/18","targetHints":{"allow":["GET"]}}],"collection":[{"href":"https:\/\/matraconcretos.com\/blog\/wp-json\/wp\/v2\/pages"}],"about":[{"href":"https:\/\/matraconcretos.com\/blog\/wp-json\/wp\/v2\/types\/page"}],"author":[{"embeddable":true,"href":"https:\/\/matraconcretos.com\/blog\/wp-json\/wp\/v2\/users\/1"}],"replies":[{"embeddable":true,"href":"https:\/\/matraconcretos.com\/blog\/wp-json\/wp\/v2\/comments?post=18"}],"version-history":[{"count":29,"href":"https:\/\/matraconcretos.com\/blog\/wp-json\/wp\/v2\/pages\/18\/revisions"}],"predecessor-version":[{"id":77,"href":"https:\/\/matraconcretos.com\/blog\/wp-json\/wp\/v2\/pages\/18\/revisions\/77"}],"wp:attachment":[{"href":"https:\/\/matraconcretos.com\/blog\/wp-json\/wp\/v2\/media?parent=18"}],"curies":[{"name":"wp","href":"https:\/\/api.w.org\/{rel}","templated":true}]}}